{"id":3325,"date":"2018-02-13T15:29:44","date_gmt":"2018-02-13T15:29:44","guid":{"rendered":"https:\/\/rbbeta.razorblade-music.com\/?post_type=product&#038;p=3325"},"modified":"2024-01-26T14:53:58","modified_gmt":"2024-01-26T13:53:58","slug":"coldblack-flexfit-cap-basecap-4","status":"publish","type":"product","link":"https:\/\/razorblade-music.com\/en\/product\/coldblack-flexfit-cap-basecap-4\/","title":{"rendered":"coldblack Flexfit Cap Basecap"},"content":{"rendered":"<p>mit geschlossener R\u00fcckseite<\/p>\n<p>Absolut trendiges 6 Panel Cap ohne Verschluss<br \/>Perfekte Passform durch Elasthaneinsatz und Flexfit\u00ae-Band<br \/>Zuverl\u00e4ssiger Schutz vor UV Strahlung (min.UPF 30)<br \/>6 gestickte Luftl\u00f6cher<br \/>8 Ziern\u00e4hte am Schild<br \/>Laminierte Frontpanels<br \/>R\u00fcckseite geschlossen<br \/>Gr\u00f6\u00dfe S\/M: 56 \/ 57 cm<br \/>Gr\u00f6\u00dfe L\/XL: 58 \/ 59 cm<\/p>","protected":false},"excerpt":{"rendered":"<p>mit geschlossener R\u00fcckseite Absolut trendiges 6 Panel Cap ohne VerschlussPerfekte Passform durch Elasthaneinsatz und Flexfit\u00ae-BandZuverl\u00e4ssiger Schutz vor UV Strahlung (min.UPF 30)6 gestickte Luftl\u00f6cher8 Ziern\u00e4hte am SchildLaminierte<span class=\"excerpt-hellip\"> [\u2026]<\/span><\/p>\n","protected":false},"featured_media":4803,"comment_status":"open","ping_status":"open","template":"","meta":[],"product_brand":[],"product_cat":[115],"product_tag":[],"class_list":{"0":"post-3325","1":"product","2":"type-product","3":"status-publish","4":"has-post-thumbnail","6":"product_cat-caps-2","7":"pa_farbe-navy","8":"pa_farbe-rot","9":"pa_farbe-schwarz","10":"pa_grosse-l-xl","11":"pa_grosse-s-m","13":"first","14":"instock","15":"taxable","16":"shipping-taxable","17":"purchasable","18":"product-type-variable"},"_links":{"self":[{"href":"https:\/\/razorblade-music.com\/en\/wp-json\/wp\/v2\/product\/3325","targetHints":{"allow":["GET"]}}],"collection":[{"href":"https:\/\/razorblade-music.com\/en\/wp-json\/wp\/v2\/product"}],"about":[{"href":"https:\/\/razorblade-music.com\/en\/wp-json\/wp\/v2\/types\/product"}],"replies":[{"embeddable":true,"href":"https:\/\/razorblade-music.com\/en\/wp-json\/wp\/v2\/comments?post=3325"}],"wp:featuredmedia":[{"embeddable":true,"href":"https:\/\/razorblade-music.com\/en\/wp-json\/wp\/v2\/media\/4803"}],"wp:attachment":[{"href":"https:\/\/razorblade-music.com\/en\/wp-json\/wp\/v2\/media?parent=3325"}],"wp:term":[{"taxonomy":"product_brand","embeddable":true,"href":"https:\/\/razorblade-music.com\/en\/wp-json\/wp\/v2\/product_brand?post=3325"},{"taxonomy":"product_cat","embeddable":true,"href":"https:\/\/razorblade-music.com\/en\/wp-json\/wp\/v2\/product_cat?post=3325"},{"taxonomy":"product_tag","embeddable":true,"href":"https:\/\/razorblade-music.com\/en\/wp-json\/wp\/v2\/product_tag?post=3325"}],"curies":[{"name":"wp","href":"https:\/\/api.w.org\/{rel}","templated":true}]}}