{"id":3303,"date":"2018-02-13T13:50:44","date_gmt":"2018-02-13T13:50:44","guid":{"rendered":"https:\/\/rbbeta.razorblade-music.com\/?post_type=product&#038;p=3303"},"modified":"2024-01-26T14:53:59","modified_gmt":"2024-01-26T13:53:59","slug":"gurtelschnalle-western","status":"publish","type":"product","link":"https:\/\/razorblade-music.com\/en\/product\/gurtelschnalle-western\/","title":{"rendered":"G\u00fcrtelschnalle &#8211; Western"},"content":{"rendered":"<p>Gr\u00f6\u00dfe ca. 11&#215;8 cm<\/p>","protected":false},"excerpt":{"rendered":"<p>Gr\u00f6\u00dfe ca. 11&#215;8 cm<\/p>","protected":false},"featured_media":4792,"comment_status":"open","ping_status":"open","template":"","meta":[],"product_brand":[],"product_cat":[104],"product_tag":[],"class_list":{"0":"post-3303","1":"product","2":"type-product","3":"status-publish","4":"has-post-thumbnail","6":"product_cat-gurtelschnallen","8":"first","9":"outofstock","10":"taxable","11":"shipping-taxable","12":"purchasable","13":"product-type-simple"},"_links":{"self":[{"href":"https:\/\/razorblade-music.com\/en\/wp-json\/wp\/v2\/product\/3303","targetHints":{"allow":["GET"]}}],"collection":[{"href":"https:\/\/razorblade-music.com\/en\/wp-json\/wp\/v2\/product"}],"about":[{"href":"https:\/\/razorblade-music.com\/en\/wp-json\/wp\/v2\/types\/product"}],"replies":[{"embeddable":true,"href":"https:\/\/razorblade-music.com\/en\/wp-json\/wp\/v2\/comments?post=3303"}],"wp:featuredmedia":[{"embeddable":true,"href":"https:\/\/razorblade-music.com\/en\/wp-json\/wp\/v2\/media\/4792"}],"wp:attachment":[{"href":"https:\/\/razorblade-music.com\/en\/wp-json\/wp\/v2\/media?parent=3303"}],"wp:term":[{"taxonomy":"product_brand","embeddable":true,"href":"https:\/\/razorblade-music.com\/en\/wp-json\/wp\/v2\/product_brand?post=3303"},{"taxonomy":"product_cat","embeddable":true,"href":"https:\/\/razorblade-music.com\/en\/wp-json\/wp\/v2\/product_cat?post=3303"},{"taxonomy":"product_tag","embeddable":true,"href":"https:\/\/razorblade-music.com\/en\/wp-json\/wp\/v2\/product_tag?post=3303"}],"curies":[{"name":"wp","href":"https:\/\/api.w.org\/{rel}","templated":true}]}}