{"id":3291,"date":"2018-02-13T13:45:16","date_gmt":"2018-02-13T13:45:16","guid":{"rendered":"https:\/\/rbbeta.razorblade-music.com\/?post_type=product&#038;p=3291"},"modified":"2024-01-26T14:54:01","modified_gmt":"2024-01-26T13:54:01","slug":"gurtelschnalle-hell-on-wheels","status":"publish","type":"product","link":"https:\/\/razorblade-music.com\/en\/product\/gurtelschnalle-hell-on-wheels\/","title":{"rendered":"G\u00fcrtelschnalle &#8211; Hell on wheels"},"content":{"rendered":"<p>Gr\u00f6\u00dfe ca. 9&#215;6,5 cm<\/p>","protected":false},"excerpt":{"rendered":"<p>Gr\u00f6\u00dfe ca. 9&#215;6,5 cm<\/p>","protected":false},"featured_media":4786,"comment_status":"open","ping_status":"open","template":"","meta":[],"product_brand":[],"product_cat":[104],"product_tag":[],"class_list":{"0":"post-3291","1":"product","2":"type-product","3":"status-publish","4":"has-post-thumbnail","6":"product_cat-gurtelschnallen","8":"first","9":"outofstock","10":"taxable","11":"shipping-taxable","12":"purchasable","13":"product-type-simple"},"_links":{"self":[{"href":"https:\/\/razorblade-music.com\/en\/wp-json\/wp\/v2\/product\/3291","targetHints":{"allow":["GET"]}}],"collection":[{"href":"https:\/\/razorblade-music.com\/en\/wp-json\/wp\/v2\/product"}],"about":[{"href":"https:\/\/razorblade-music.com\/en\/wp-json\/wp\/v2\/types\/product"}],"replies":[{"embeddable":true,"href":"https:\/\/razorblade-music.com\/en\/wp-json\/wp\/v2\/comments?post=3291"}],"wp:featuredmedia":[{"embeddable":true,"href":"https:\/\/razorblade-music.com\/en\/wp-json\/wp\/v2\/media\/4786"}],"wp:attachment":[{"href":"https:\/\/razorblade-music.com\/en\/wp-json\/wp\/v2\/media?parent=3291"}],"wp:term":[{"taxonomy":"product_brand","embeddable":true,"href":"https:\/\/razorblade-music.com\/en\/wp-json\/wp\/v2\/product_brand?post=3291"},{"taxonomy":"product_cat","embeddable":true,"href":"https:\/\/razorblade-music.com\/en\/wp-json\/wp\/v2\/product_cat?post=3291"},{"taxonomy":"product_tag","embeddable":true,"href":"https:\/\/razorblade-music.com\/en\/wp-json\/wp\/v2\/product_tag?post=3291"}],"curies":[{"name":"wp","href":"https:\/\/api.w.org\/{rel}","templated":true}]}}