{"id":3271,"date":"2018-02-13T13:04:49","date_gmt":"2018-02-13T13:04:49","guid":{"rendered":"https:\/\/rbbeta.razorblade-music.com\/?post_type=product&#038;p=3271"},"modified":"2026-01-14T19:45:47","modified_gmt":"2026-01-14T18:45:47","slug":"10-weibe-pyramidennieten-extra-grob","status":"publish","type":"product","link":"https:\/\/razorblade-music.com\/en\/product\/10-weibe-pyramidennieten-extra-grob\/","title":{"rendered":"10 wei\u00dfe Pyramidennieten (Extra Gro\u00df)"},"content":{"rendered":"<p>Ma\u00dfe: 16mm X 16mm<\/p>","protected":false},"excerpt":{"rendered":"<p>Ma\u00dfe: 16mm X 16mm<\/p>","protected":false},"featured_media":4776,"comment_status":"open","ping_status":"open","template":"","meta":[],"product_brand":[],"product_cat":[99],"product_tag":[],"class_list":{"0":"post-3271","1":"product","2":"type-product","3":"status-publish","4":"has-post-thumbnail","6":"product_cat-pyramidennieten","8":"first","9":"instock","10":"taxable","11":"shipping-taxable","12":"purchasable","13":"product-type-simple"},"_links":{"self":[{"href":"https:\/\/razorblade-music.com\/en\/wp-json\/wp\/v2\/product\/3271","targetHints":{"allow":["GET"]}}],"collection":[{"href":"https:\/\/razorblade-music.com\/en\/wp-json\/wp\/v2\/product"}],"about":[{"href":"https:\/\/razorblade-music.com\/en\/wp-json\/wp\/v2\/types\/product"}],"replies":[{"embeddable":true,"href":"https:\/\/razorblade-music.com\/en\/wp-json\/wp\/v2\/comments?post=3271"}],"wp:featuredmedia":[{"embeddable":true,"href":"https:\/\/razorblade-music.com\/en\/wp-json\/wp\/v2\/media\/4776"}],"wp:attachment":[{"href":"https:\/\/razorblade-music.com\/en\/wp-json\/wp\/v2\/media?parent=3271"}],"wp:term":[{"taxonomy":"product_brand","embeddable":true,"href":"https:\/\/razorblade-music.com\/en\/wp-json\/wp\/v2\/product_brand?post=3271"},{"taxonomy":"product_cat","embeddable":true,"href":"https:\/\/razorblade-music.com\/en\/wp-json\/wp\/v2\/product_cat?post=3271"},{"taxonomy":"product_tag","embeddable":true,"href":"https:\/\/razorblade-music.com\/en\/wp-json\/wp\/v2\/product_tag?post=3271"}],"curies":[{"name":"wp","href":"https:\/\/api.w.org\/{rel}","templated":true}]}}