{"id":2943,"date":"2018-02-12T16:08:28","date_gmt":"2018-02-12T16:08:28","guid":{"rendered":"https:\/\/rbbeta.razorblade-music.com\/?post_type=product&#038;p=2943"},"modified":"2024-05-03T10:52:52","modified_gmt":"2024-05-03T09:52:52","slug":"asta-kask-en-for-alla-ingen-for-naan-cd","status":"publish","type":"product","link":"https:\/\/razorblade-music.com\/en\/product\/asta-kask-en-for-alla-ingen-for-naan-cd\/","title":{"rendered":"Asta Kask &#8211; En F\u00f6r Alla Ingen F\u00f6r N\u00e5n CD"},"content":{"rendered":"","protected":false},"excerpt":{"rendered":"","protected":false},"featured_media":4612,"comment_status":"open","ping_status":"open","template":"","meta":[],"product_brand":[],"product_cat":[147],"product_tag":[],"class_list":{"0":"post-2943","1":"product","2":"type-product","3":"status-publish","4":"has-post-thumbnail","6":"product_cat-cds-musik","8":"first","9":"outofstock","10":"taxable","11":"shipping-taxable","12":"purchasable","13":"product-type-simple"},"_links":{"self":[{"href":"https:\/\/razorblade-music.com\/en\/wp-json\/wp\/v2\/product\/2943","targetHints":{"allow":["GET"]}}],"collection":[{"href":"https:\/\/razorblade-music.com\/en\/wp-json\/wp\/v2\/product"}],"about":[{"href":"https:\/\/razorblade-music.com\/en\/wp-json\/wp\/v2\/types\/product"}],"replies":[{"embeddable":true,"href":"https:\/\/razorblade-music.com\/en\/wp-json\/wp\/v2\/comments?post=2943"}],"wp:featuredmedia":[{"embeddable":true,"href":"https:\/\/razorblade-music.com\/en\/wp-json\/wp\/v2\/media\/4612"}],"wp:attachment":[{"href":"https:\/\/razorblade-music.com\/en\/wp-json\/wp\/v2\/media?parent=2943"}],"wp:term":[{"taxonomy":"product_brand","embeddable":true,"href":"https:\/\/razorblade-music.com\/en\/wp-json\/wp\/v2\/product_brand?post=2943"},{"taxonomy":"product_cat","embeddable":true,"href":"https:\/\/razorblade-music.com\/en\/wp-json\/wp\/v2\/product_cat?post=2943"},{"taxonomy":"product_tag","embeddable":true,"href":"https:\/\/razorblade-music.com\/en\/wp-json\/wp\/v2\/product_tag?post=2943"}],"curies":[{"name":"wp","href":"https:\/\/api.w.org\/{rel}","templated":true}]}}